{"id":1290,"date":"2023-06-06T12:20:05","date_gmt":"2023-06-06T15:20:05","guid":{"rendered":"https:\/\/fisiocarerj.com.br\/?page_id=1290"},"modified":"2023-06-06T14:49:20","modified_gmt":"2023-06-06T17:49:20","slug":"especialidades","status":"publish","type":"page","link":"https:\/\/fisiocarerj.com.br\/?page_id=1290","title":{"rendered":"Especialidades"},"content":{"rendered":"<p style=\"text-align: center;\">Atualmente muitos fatores podem contribuir para que o nosso cotidiano seja duramente afetado por dores leve, ou intensas. Saiba que com Fisioterapia e Quiropraxia \u00e9 poss\u00edvel diminuir muito, ou at\u00e9 mesmo eliminar completamente as dores. Com tecnologias e manobras manuais, \u00e9 poss\u00edvel obter resultados incr\u00edveis sem a necessidade de medicamentos. A Fisio Care pode ajudar o seu bem-estar de muitas formas. Entre as nossas especialidades est\u00e3o:<\/p>\n<p style=\"text-align: center;\">H\u00e9rnia de Disco;<img loading=\"lazy\" decoding=\"async\" class=\"size-medium wp-image-1291 aligncenter\" src=\"https:\/\/fisiocarerj.com.br\/wp-content\/uploads\/2023\/06\/hernia-300x272.jpg\" alt=\"\" width=\"300\" height=\"272\" srcset=\"https:\/\/fisiocarerj.com.br\/wp-content\/uploads\/2023\/06\/hernia-300x272.jpg 300w, https:\/\/fisiocarerj.com.br\/wp-content\/uploads\/2023\/06\/hernia-768x698.jpg 768w, https:\/\/fisiocarerj.com.br\/wp-content\/uploads\/2023\/06\/hernia.jpg 1024w\" sizes=\"auto, (max-width: 300px) 100vw, 300px\" \/><\/p>\n<p style=\"text-align: center;\">ATM;<\/p>\n<p><img loading=\"lazy\" decoding=\"async\" class=\"size-full wp-image-1292 aligncenter\" src=\"https:\/\/fisiocarerj.com.br\/wp-content\/uploads\/2023\/06\/atm.jpeg\" alt=\"\" width=\"225\" height=\"225\" srcset=\"https:\/\/fisiocarerj.com.br\/wp-content\/uploads\/2023\/06\/atm.jpeg 225w, https:\/\/fisiocarerj.com.br\/wp-content\/uploads\/2023\/06\/atm-150x150.jpeg 150w\" sizes=\"auto, (max-width: 225px) 100vw, 225px\" \/><\/p>\n<p style=\"text-align: center;\">Libera\u00e7\u00e3o Miofascial;<\/p>\n<p><img loading=\"lazy\" decoding=\"async\" class=\"size-medium wp-image-1293 aligncenter\" src=\"https:\/\/fisiocarerj.com.br\/wp-content\/uploads\/2023\/06\/liberacao-300x200.jpg\" alt=\"\" width=\"300\" height=\"200\" srcset=\"https:\/\/fisiocarerj.com.br\/wp-content\/uploads\/2023\/06\/liberacao-300x200.jpg 300w, https:\/\/fisiocarerj.com.br\/wp-content\/uploads\/2023\/06\/liberacao-768x512.jpg 768w, https:\/\/fisiocarerj.com.br\/wp-content\/uploads\/2023\/06\/liberacao.jpg 1000w\" sizes=\"auto, (max-width: 300px) 100vw, 300px\" \/><\/p>\n<p style=\"text-align: center;\">Drenagem Linf\u00e1tica;<\/p>\n<p style=\"text-align: center;\"><img loading=\"lazy\" decoding=\"async\" class=\"alignnone size-medium wp-image-1298\" src=\"https:\/\/fisiocarerj.com.br\/wp-content\/uploads\/2023\/06\/drenagem-300x168.jpg\" alt=\"\" width=\"300\" height=\"168\" srcset=\"https:\/\/fisiocarerj.com.br\/wp-content\/uploads\/2023\/06\/drenagem-300x168.jpg 300w, https:\/\/fisiocarerj.com.br\/wp-content\/uploads\/2023\/06\/drenagem.jpg 713w\" sizes=\"auto, (max-width: 300px) 100vw, 300px\" \/><\/p>\n<p style=\"text-align: center;\">P\u00f3s-Operat\u00f3rio;<\/p>\n<p style=\"text-align: center;\"><img loading=\"lazy\" decoding=\"async\" class=\"alignnone size-medium wp-image-1299\" src=\"https:\/\/fisiocarerj.com.br\/wp-content\/uploads\/2023\/06\/joelho-300x200.jpg\" alt=\"\" width=\"300\" height=\"200\" srcset=\"https:\/\/fisiocarerj.com.br\/wp-content\/uploads\/2023\/06\/joelho-300x200.jpg 300w, https:\/\/fisiocarerj.com.br\/wp-content\/uploads\/2023\/06\/joelho-768x511.jpg 768w, https:\/\/fisiocarerj.com.br\/wp-content\/uploads\/2023\/06\/joelho.jpg 940w\" sizes=\"auto, (max-width: 300px) 100vw, 300px\" \/><\/p>\n<p style=\"text-align: center;\">Artrose;<\/p>\n<p style=\"text-align: center;\"><img loading=\"lazy\" decoding=\"async\" class=\"alignnone size-medium wp-image-1300\" src=\"https:\/\/fisiocarerj.com.br\/wp-content\/uploads\/2023\/06\/artrose-300x225.jpg\" alt=\"\" width=\"300\" height=\"225\" srcset=\"https:\/\/fisiocarerj.com.br\/wp-content\/uploads\/2023\/06\/artrose-300x225.jpg 300w, https:\/\/fisiocarerj.com.br\/wp-content\/uploads\/2023\/06\/artrose-768x576.jpg 768w, https:\/\/fisiocarerj.com.br\/wp-content\/uploads\/2023\/06\/artrose.jpg 960w\" sizes=\"auto, (max-width: 300px) 100vw, 300px\" \/><\/p>\n<p style=\"text-align: center;\">Escoliose;<\/p>\n<p style=\"text-align: center;\"><img loading=\"lazy\" decoding=\"async\" class=\"alignnone size-medium wp-image-1301\" src=\"https:\/\/fisiocarerj.com.br\/wp-content\/uploads\/2023\/06\/escoliose-300x179.jpg\" alt=\"\" width=\"300\" height=\"179\" srcset=\"https:\/\/fisiocarerj.com.br\/wp-content\/uploads\/2023\/06\/escoliose-300x179.jpg 300w, https:\/\/fisiocarerj.com.br\/wp-content\/uploads\/2023\/06\/escoliose-768x457.jpg 768w, https:\/\/fisiocarerj.com.br\/wp-content\/uploads\/2023\/06\/escoliose.jpg 1000w\" sizes=\"auto, (max-width: 300px) 100vw, 300px\" \/><\/p>\n","protected":false},"excerpt":{"rendered":"<p>Atualmente muitos fatores podem contribuir para que o nosso cotidiano seja duramente afetado por dores leve, ou intensas. Saiba que com Fisioterapia e Quiropraxia \u00e9 poss\u00edvel diminuir muito, ou at\u00e9 mesmo eliminar completamente as dores. Com tecnologias e manobras manuais, \u00e9 poss\u00edvel obter resultados incr\u00edveis sem a necessidade de medicamentos. A Fisio Care pode ajudar&#8230;<\/p>\n<p class=\"more-link-wrap\"><a href=\"https:\/\/fisiocarerj.com.br\/?page_id=1290\" class=\"more-link\">Read More<span class=\"screen-reader-text\"> &ldquo;Especialidades&rdquo;<\/span> &raquo;<\/a><\/p>\n","protected":false},"author":1,"featured_media":0,"parent":0,"menu_order":0,"comment_status":"closed","ping_status":"closed","template":"","meta":{"footnotes":""},"class_list":["post-1290","page","type-page","status-publish","hentry"],"_links":{"self":[{"href":"https:\/\/fisiocarerj.com.br\/index.php?rest_route=\/wp\/v2\/pages\/1290","targetHints":{"allow":["GET"]}}],"collection":[{"href":"https:\/\/fisiocarerj.com.br\/index.php?rest_route=\/wp\/v2\/pages"}],"about":[{"href":"https:\/\/fisiocarerj.com.br\/index.php?rest_route=\/wp\/v2\/types\/page"}],"author":[{"embeddable":true,"href":"https:\/\/fisiocarerj.com.br\/index.php?rest_route=\/wp\/v2\/users\/1"}],"replies":[{"embeddable":true,"href":"https:\/\/fisiocarerj.com.br\/index.php?rest_route=%2Fwp%2Fv2%2Fcomments&post=1290"}],"version-history":[{"count":4,"href":"https:\/\/fisiocarerj.com.br\/index.php?rest_route=\/wp\/v2\/pages\/1290\/revisions"}],"predecessor-version":[{"id":1297,"href":"https:\/\/fisiocarerj.com.br\/index.php?rest_route=\/wp\/v2\/pages\/1290\/revisions\/1297"}],"wp:attachment":[{"href":"https:\/\/fisiocarerj.com.br\/index.php?rest_route=%2Fwp%2Fv2%2Fmedia&parent=1290"}],"curies":[{"name":"wp","href":"https:\/\/api.w.org\/{rel}","templated":true}]}}