{"id":1255,"date":"2023-06-05T16:51:44","date_gmt":"2023-06-05T19:51:44","guid":{"rendered":"https:\/\/fisiocarerj.com.br\/?page_id=1255"},"modified":"2023-06-06T11:51:19","modified_gmt":"2023-06-06T14:51:19","slug":"pagamentos","status":"publish","type":"page","link":"https:\/\/fisiocarerj.com.br\/?page_id=1255","title":{"rendered":"Pagamentos"},"content":{"rendered":"<p style=\"text-align: center;\"><strong>A FISIO CARE aceita diversas formas de Pagamento. Veja abaixo.<\/strong><\/p>\r\n\r\n<p class=\"has-text-align-center\"><strong>Dinheiro;<\/strong><\/p>\r\n\r\n\r\n<div class=\"wp-block-image\">\r\n<figure class=\"aligncenter size-full is-resized\"><img loading=\"lazy\" decoding=\"async\" class=\"wp-image-205\" src=\"http:\/\/centroeducacionalrenascer.com.br\/wp-content\/uploads\/2021\/10\/kisspng-finance-financial-management-business-investment-money-5ab932b6a55a89.9500138215220865826773-2.png\" alt=\"\" width=\"94\" height=\"84\" \/><\/figure>\r\n<\/div>\r\n\r\n\r\n<p class=\"has-text-align-center\"><strong>Cart\u00f5es de Cr\u00e9dito e D\u00e9bito;<\/strong><\/p>\r\n\r\n\r\n<div class=\"wp-block-image\">\r\n<figure class=\"aligncenter size-large is-resized\"><img loading=\"lazy\" decoding=\"async\" class=\"wp-image-204\" src=\"http:\/\/centroeducacionalrenascer.com.br\/wp-content\/uploads\/2021\/10\/bandeiras-1024x299.png\" alt=\"\" width=\"497\" height=\"145\" \/><\/figure>\r\n<\/div>\r\n\r\n\r\n<p class=\"has-text-align-center\"><strong>Transfer\u00eancia \/ Dep\u00f3sito Banc\u00e1rio;<\/strong><\/p>\r\n\r\n\r\n<div class=\"wp-block-image\">\r\n<figure class=\"aligncenter size-full is-resized\"><img loading=\"lazy\" decoding=\"async\" class=\"wp-image-208\" src=\"http:\/\/centroeducacionalrenascer.com.br\/wp-content\/uploads\/2021\/10\/itau.png\" alt=\"\" width=\"134\" height=\"75\" \/><\/figure>\r\n<\/div>\r\n<p style=\"text-align: center;\"><strong>ITA\u00da UNIBANCO S.A &#8211; C\u00f3digo 341- Ag\u00eancia 6280 &#8211; Conta Corrente 28184-8 &#8211; CPF: 140.260.497-10<\/strong><\/p>\r\n\r\n<p class=\"has-text-align-center\"><strong>PIX.<\/strong><\/p>\r\n\r\n\r\n<div class=\"wp-block-image\">\r\n<figure class=\"aligncenter size-large is-resized\"><img loading=\"lazy\" decoding=\"async\" class=\"wp-image-213\" src=\"http:\/\/centroeducacionalrenascer.com.br\/wp-content\/uploads\/2021\/10\/pix-3-1024x363.png\" alt=\"\" width=\"175\" height=\"61\" \/><\/figure>\r\n<\/div>\r\n<p style=\"text-align: center;\"><strong>CPF: 140.260.497-10<\/strong><\/p>\r\n<p style=\"text-align: center;\"><strong>J\u00e9ssica Andrade Brito de Oliveira<\/strong><\/p>\r\n<p style=\"text-align: justify;\"><strong>Instru\u00e7\u00f5es de Pagamento:<\/strong><\/p>\r\n<p><strong>Pagamentos em dinheiro, ou com cart\u00f5es de d\u00e9bito, ou cr\u00e9dito podem ser realizados somente no consult\u00f3rio.<\/strong> <strong>Caso deseje pagar a dist\u00e2ncia, primeiro verifique o valor correto a ser pago com um de nossos atendentes.<\/strong><\/p>\r\n<p style=\"text-align: justify;\"><strong>Se fizer pagamentos a dist\u00e2ncia com Dep\u00f3sito, Transfer\u00eancia, ou PIX, envie para o E-MAIL <a href=\"mailto:pagamentos@centroeducacionalrenascer.com.br\">fisiocarerj@hotmail.com<\/a>\u00a0o comprovante da opera\u00e7\u00e3o, seguido do nome completo do paciente atendido como no exemplo abaixo:<\/strong><\/p>\r\n<div class=\"wp-block-image\">\r\n<figure class=\"aligncenter size-large is-resized\"><img loading=\"lazy\" decoding=\"async\" class=\"wp-image-216\" src=\"http:\/\/centroeducacionalrenascer.com.br\/wp-content\/uploads\/2021\/10\/Pix-comprovante-pagamento-1024x911.png\" alt=\"\" width=\"233\" height=\"207\" \/><\/figure>\r\n<\/div>\r\n<p style=\"text-align: center;\"><b>Marcos da Fonseca Aguiar<\/b><\/p>\r\n<p>Observa\u00e7\u00e3o: N\u00e3o aceitamos cheques.<\/p>\r\n\r\n<p>&nbsp;<\/p>\r\n","protected":false},"excerpt":{"rendered":"<p>A FISIO CARE aceita diversas formas de Pagamento. Veja abaixo. Dinheiro; Cart\u00f5es de Cr\u00e9dito e D\u00e9bito; Transfer\u00eancia \/ Dep\u00f3sito Banc\u00e1rio; ITA\u00da UNIBANCO S.A &#8211; C\u00f3digo 341- Ag\u00eancia 6280 &#8211; Conta Corrente 28184-8 &#8211; CPF: 140.260.497-10 PIX. CPF: 140.260.497-10 J\u00e9ssica Andrade Brito de Oliveira Instru\u00e7\u00f5es de Pagamento: Pagamentos em dinheiro, ou com cart\u00f5es de d\u00e9bito, ou&#8230;<\/p>\n<p class=\"more-link-wrap\"><a href=\"https:\/\/fisiocarerj.com.br\/?page_id=1255\" class=\"more-link\">Read More<span class=\"screen-reader-text\"> &ldquo;Pagamentos&rdquo;<\/span> &raquo;<\/a><\/p>\n","protected":false},"author":1,"featured_media":0,"parent":0,"menu_order":0,"comment_status":"closed","ping_status":"closed","template":"","meta":{"footnotes":""},"class_list":["post-1255","page","type-page","status-publish","hentry"],"_links":{"self":[{"href":"https:\/\/fisiocarerj.com.br\/index.php?rest_route=\/wp\/v2\/pages\/1255","targetHints":{"allow":["GET"]}}],"collection":[{"href":"https:\/\/fisiocarerj.com.br\/index.php?rest_route=\/wp\/v2\/pages"}],"about":[{"href":"https:\/\/fisiocarerj.com.br\/index.php?rest_route=\/wp\/v2\/types\/page"}],"author":[{"embeddable":true,"href":"https:\/\/fisiocarerj.com.br\/index.php?rest_route=\/wp\/v2\/users\/1"}],"replies":[{"embeddable":true,"href":"https:\/\/fisiocarerj.com.br\/index.php?rest_route=%2Fwp%2Fv2%2Fcomments&post=1255"}],"version-history":[{"count":5,"href":"https:\/\/fisiocarerj.com.br\/index.php?rest_route=\/wp\/v2\/pages\/1255\/revisions"}],"predecessor-version":[{"id":1289,"href":"https:\/\/fisiocarerj.com.br\/index.php?rest_route=\/wp\/v2\/pages\/1255\/revisions\/1289"}],"wp:attachment":[{"href":"https:\/\/fisiocarerj.com.br\/index.php?rest_route=%2Fwp%2Fv2%2Fmedia&parent=1255"}],"curies":[{"name":"wp","href":"https:\/\/api.w.org\/{rel}","templated":true}]}}