{"id":1206,"date":"2023-06-05T15:22:46","date_gmt":"2023-06-05T18:22:46","guid":{"rendered":"https:\/\/fisiocarerj.com.br\/?page_id=1206"},"modified":"2023-06-06T10:26:20","modified_gmt":"2023-06-06T13:26:20","slug":"localizacao","status":"publish","type":"page","link":"https:\/\/fisiocarerj.com.br\/?page_id=1206","title":{"rendered":"Localiza\u00e7\u00e3o"},"content":{"rendered":"<p style=\"text-align: center;\"><strong>Endere\u00e7o: Estrada de S\u00e3o Vicente, lote 01, quadra 01 &#8211; Fazendinha &#8211; Araruama &#8211; RJ<\/strong><\/p>\n<p style=\"text-align: center;\"><strong>(Em frente ao mercado SUPER PRE\u00c7O)<\/strong><\/p>\n<p>&nbsp;<\/p>\n<p><center><iframe loading=\"lazy\" style=\"border: 0;\" src=\"https:\/\/www.google.com\/maps\/embed?pb=!1m18!1m12!1m3!1d324.9803820529118!2d-42.320052721231924!3d-22.849354259246955!2m3!1f0!2f0!3f0!3m2!1i1024!2i768!4f13.1!3m3!1m2!1s0x976ea1564e28d7%3A0x35c91f362cfdb8b3!2sEstr.%20Emb.%20S%C3%A3o%20Vicente%2C%201%20-%20quadra%201%20-%20Fazendinha%2C%20Araruama%20-%20RJ%2C%2028970-000!5e0!3m2!1spt-BR!2sbr!4v1685989061700!5m2!1spt-BR!2sbr\" width=\"600\" height=\"450\" allowfullscreen=\"allowfullscreen\"><\/iframe><\/center><\/p>\n","protected":false},"excerpt":{"rendered":"<p>Endere\u00e7o: Estrada de S\u00e3o Vicente, lote 01, quadra 01 &#8211; Fazendinha &#8211; Araruama &#8211; RJ (Em frente ao mercado SUPER PRE\u00c7O) &nbsp;<\/p>\n","protected":false},"author":1,"featured_media":0,"parent":0,"menu_order":0,"comment_status":"closed","ping_status":"closed","template":"","meta":{"footnotes":""},"class_list":["post-1206","page","type-page","status-publish","hentry"],"_links":{"self":[{"href":"https:\/\/fisiocarerj.com.br\/index.php?rest_route=\/wp\/v2\/pages\/1206","targetHints":{"allow":["GET"]}}],"collection":[{"href":"https:\/\/fisiocarerj.com.br\/index.php?rest_route=\/wp\/v2\/pages"}],"about":[{"href":"https:\/\/fisiocarerj.com.br\/index.php?rest_route=\/wp\/v2\/types\/page"}],"author":[{"embeddable":true,"href":"https:\/\/fisiocarerj.com.br\/index.php?rest_route=\/wp\/v2\/users\/1"}],"replies":[{"embeddable":true,"href":"https:\/\/fisiocarerj.com.br\/index.php?rest_route=%2Fwp%2Fv2%2Fcomments&post=1206"}],"version-history":[{"count":4,"href":"https:\/\/fisiocarerj.com.br\/index.php?rest_route=\/wp\/v2\/pages\/1206\/revisions"}],"predecessor-version":[{"id":1278,"href":"https:\/\/fisiocarerj.com.br\/index.php?rest_route=\/wp\/v2\/pages\/1206\/revisions\/1278"}],"wp:attachment":[{"href":"https:\/\/fisiocarerj.com.br\/index.php?rest_route=%2Fwp%2Fv2%2Fmedia&parent=1206"}],"curies":[{"name":"wp","href":"https:\/\/api.w.org\/{rel}","templated":true}]}}